{"id":3978,"date":"2019-05-14T19:48:37","date_gmt":"2019-05-14T17:48:37","guid":{"rendered":"http:\/\/lab.300grad.de\/?page_id=3978"},"modified":"2026-03-20T15:37:59","modified_gmt":"2026-03-20T14:37:59","slug":"datenschutz","status":"publish","type":"page","link":"https:\/\/www.buero68.de\/index.php\/datenschutz\/","title":{"rendered":"Datenschutz"},"content":{"rendered":"<div  class=\"tatsu-Bk-8o1t_2V tatsu-section    tatsu-clearfix\" data-title=\"\"  data-headerscheme=\"background--dark\"><div class='tatsu-section-pad clearfix' data-padding='{\"d\":\"90px 0px 90px 0px\"}' data-padding-top='90px'><div class=\"tatsu-row-wrap  tatsu-wrap tatsu-row-one-col tatsu-row-has-one-cols tatsu-medium-gutter tatsu-reg-cols  tatsu-clearfix tatsu-BJxIoytOh4\" ><div  class=\"tatsu-row \" ><div  class=\"tatsu-column  tatsu-column-no-bg tatsu-one-col tatsu-column-image-none tatsu-column-effect-none  tatsu-BkIo1Kd34\"  data-parallax-speed=\"0\" style=\"\"><div class=\"tatsu-column-inner \" ><div class=\"tatsu-column-pad-wrap\"><div class=\"tatsu-column-pad\" ><div  class=\"tatsu-module tatsu-text-block-wrap tatsu-r1ooyYun4  \"><div class=\"tatsu-text-inner tatsu-align-center  clearfix\" ><style>.tatsu-r1ooyYun4.tatsu-text-block-wrap .tatsu-text-inner{width: 100%;text-align: left;}<\/style>\n<h1 data-path-to-node=\"4\">Datenschutzerkl\u00e4rung<\/h1>\n<p data-path-to-node=\"5\">Personenbezogene Daten werden von uns nur im Rahmen der Erforderlichkeit sowie zum Zwecke der Bereitstellung eines funktionsf\u00e4higen und nutzerfreundlichen Internetauftritts verarbeitet.<\/p>\n<p data-path-to-node=\"6\">Gem\u00e4\u00df <b data-path-to-node=\"6\" data-index-in-node=\"6\">Art. 4 Ziffer 1. der Verordnung (EU) 2016\/679 (DSGVO)<\/b> gilt als \u201eVerarbeitung\u201c jeder mit oder ohne Hilfe automatisierter Verfahren ausgef\u00fchrter Vorgang im Zusammenhang mit personenbezogenen Daten (z. B. Erheben, Speichern, Auslesen, \u00dcbermitteln, L\u00f6schen).<\/p>\n<hr data-path-to-node=\"7\" \/>\n<h2 data-path-to-node=\"8\">I. Informationen \u00fcber uns als Verantwortliche<\/h2>\n<p data-path-to-node=\"9\">Verantwortlicher Anbieter dieses Internetauftritts im datenschutzrechtlichen Sinne ist:<\/p>\n<p><strong><span style=\"color: #000000;\">B\u00fcro 68 :: Mediengestaltung<br \/>Heiko Jaehnisch<br \/>G\u00f6rlitzer Stra\u00dfe 17-18<br \/>03046 Cottbus<br \/>Deutschland<\/span><\/strong><\/p>\n<p><span style=\"color: #000000;\">T 0355-28 92 52-68<br \/>E hallo@@buero68.de<\/span><\/p>\n<p>\u00a0<\/p>\n<h2 data-path-to-node=\"14\">II. Rechte der Nutzer und Betroffenen<\/h2>\n<p data-path-to-node=\"15\">Mit Blick auf die Datenverarbeitung haben Sie das Recht auf:<\/p>\n<ul data-path-to-node=\"16\">\n<li>\n<p data-path-to-node=\"16,0,0\"><b data-path-to-node=\"16,0,0\" data-index-in-node=\"0\">Auskunft<\/b> \u00fcber die verarbeiteten Daten (Art. 15 DSGVO);<\/p>\n<\/li>\n<li>\n<p data-path-to-node=\"16,1,0\"><b data-path-to-node=\"16,1,0\" data-index-in-node=\"0\">Berichtigung<\/b> unrichtiger Daten (Art. 16 DSGVO);<\/p>\n<\/li>\n<li>\n<p data-path-to-node=\"16,2,0\"><b data-path-to-node=\"16,2,0\" data-index-in-node=\"0\">L\u00f6schung<\/b> Ihrer Daten (Art. 17 DSGVO);<\/p>\n<\/li>\n<li>\n<p data-path-to-node=\"16,3,0\"><b data-path-to-node=\"16,3,0\" data-index-in-node=\"0\">Einschr\u00e4nkung<\/b> der Verarbeitung (Art. 18 DSGVO);<\/p>\n<\/li>\n<li>\n<p data-path-to-node=\"16,4,0\"><b data-path-to-node=\"16,4,0\" data-index-in-node=\"0\">Daten\u00fcbertragbarkeit<\/b> (Art. 20 DSGVO);<\/p>\n<\/li>\n<li>\n<p data-path-to-node=\"16,5,0\"><b data-path-to-node=\"16,5,0\" data-index-in-node=\"0\">Beschwerde<\/b> bei der zust\u00e4ndigen Aufsichtsbeh\u00f6rde (Art. 77 DSGVO).<\/p>\n<\/li>\n<\/ul>\n<p data-path-to-node=\"17\">Dar\u00fcber hinaus haben Sie gem\u00e4\u00df <b data-path-to-node=\"17\" data-index-in-node=\"31\">Art. 21 DSGVO<\/b> das Recht auf Widerspruch gegen die k\u00fcnftige Verarbeitung Ihrer Daten, sofern diese auf Basis eines berechtigten Interesses (Art. 6 Abs. 1 lit. f DSGVO) erfolgt.<\/p>\n<hr data-path-to-node=\"18\" \/>\n<h2 data-path-to-node=\"19\">III. Informationen zur Datenverarbeitung<\/h2>\n<p data-path-to-node=\"20\">Ihre Daten werden gel\u00f6scht oder gesperrt, sobald der Zweck der Speicherung entf\u00e4llt und keine gesetzlichen Aufbewahrungspflichten entgegenstehen.<\/p>\n<h3 data-path-to-node=\"21\">1. Serverdaten (Logfiles)<\/h3>\n<p data-path-to-node=\"22\">Aus technischen Gr\u00fcnden (Sicherheit und Stabilit\u00e4t) werden Daten durch Ihren Browser an unseren Webspace-Provider \u00fcbermittelt. In diesen Server-Logfiles werden u.a. Browsertyp, Betriebssystem, die zuvor besuchte Webseite (Referrer URL), Datum\/Uhrzeit und Ihre IP-Adresse erhoben.<\/p>\n<ul data-path-to-node=\"23\">\n<li>\n<p data-path-to-node=\"23,0,0\"><b data-path-to-node=\"23,0,0\" data-index-in-node=\"0\">Rechtsgrundlage:<\/b> Art. 6 Abs. 1 lit. f) DSGVO (Berechtigtes Interesse).<\/p>\n<\/li>\n<li>\n<p data-path-to-node=\"23,1,0\"><b data-path-to-node=\"23,1,0\" data-index-in-node=\"0\">Speicherdauer:<\/b> Die Daten werden sp\u00e4testens nach sieben Tagen gel\u00f6scht, sofern sie nicht zu Beweiszwecken (z.B. bei einem Hackerangriff) l\u00e4nger ben\u00f6tigt werden.<\/p>\n<\/li>\n<\/ul>\n<h3 data-path-to-node=\"24\">2. Kontaktanfragen<\/h3>\n<p data-path-to-node=\"25\">Sofern Sie per Kontaktformular oder E-Mail mit uns in Kontakt treten, werden die dabei von Ihnen angegebenen Daten zur Bearbeitung Ihrer Anfrage genutzt.<\/p>\n<ul data-path-to-node=\"26\">\n<li>\n<p data-path-to-node=\"26,0,0\"><b data-path-to-node=\"26,0,0\" data-index-in-node=\"0\">Rechtsgrundlage:<\/b> Art. 6 Abs. 1 lit. b) DSGVO (Vertragsanbahnung\/-erf\u00fcllung).<\/p>\n<\/li>\n<li>\n<p data-path-to-node=\"26,1,0\"><b data-path-to-node=\"26,1,0\" data-index-in-node=\"0\">L\u00f6schung:<\/b> Ihre Daten werden gel\u00f6scht, sobald Ihre Anfrage abschlie\u00dfend beantwortet wurde und keine weiteren gesetzlichen Aufbewahrungsfristen (z.B. aus einer anschlie\u00dfenden Beauftragung) bestehen.<\/p>\n<\/li>\n<\/ul>\n<h3 data-path-to-node=\"27\">3. Cookies<\/h3>\n<p data-path-to-node=\"28\">Wir setzen ausschlie\u00dflich technisch notwendige Cookies ein (Session-Cookies). Diese dienen dazu, die Webseite korrekt darzustellen und technische Funktionen zu gew\u00e4hrleisten.<\/p>\n<ul data-path-to-node=\"29\">\n<li>\n<p data-path-to-node=\"29,0,0\"><b data-path-to-node=\"29,0,0\" data-index-in-node=\"0\">Rechtsgrundlage:<\/b> Art. 6 Abs. 1 lit. f) DSGVO.<\/p>\n<\/li>\n<li>\n<p data-path-to-node=\"29,1,0\"><b data-path-to-node=\"29,1,0\" data-index-in-node=\"0\">L\u00f6schung:<\/b> Diese Cookies werden gel\u00f6scht, sobald Sie Ihren Browser schlie\u00dfen.<\/p>\n<\/li>\n<li>\n<p data-path-to-node=\"29,2,0\"><i data-path-to-node=\"29,2,0\" data-index-in-node=\"0\">Hinweis: Wir nutzen keine Tracking- oder Drittanbieter-Cookies.<\/i><\/p>\n<\/li>\n<\/ul>\n<h3 data-path-to-node=\"30\">4. Google Fonts (Externer Aufruf)<\/h3>\n<p data-path-to-node=\"31\"><i data-path-to-node=\"31\" data-index-in-node=\"0\">Hinweis: Falls du die Schriften lokal eingebunden hast, l\u00f6sche diesen Punkt komplett!<\/i> Wir nutzen Google Fonts zur Darstellung externer Schriftarten (Dienst der Google Ireland Limited). Um die Darstellung zu erm\u00f6glichen, wird eine Verbindung zu Google-Servern aufgebaut.<\/p>\n<ul data-path-to-node=\"32\">\n<li>\n<p data-path-to-node=\"32,0,0\"><b data-path-to-node=\"32,0,0\" data-index-in-node=\"0\">Rechtsgrundlage:<\/b> Art. 6 Abs. 1 lit. f) DSGVO.<\/p>\n<\/li>\n<li>\n<p data-path-to-node=\"32,1,0\"><b data-path-to-node=\"32,1,0\" data-index-in-node=\"0\">Datenschutz bei Google:<\/b> <a class=\"ng-star-inserted\" href=\"https:\/\/policies.google.com\/privacy\" target=\"_blank\" rel=\"noopener\" data-hveid=\"0\" data-ved=\"0CAAQ_4QMahcKEwil4rC3166TAxUAAAAAHQAAAAAQQg\">https:\/\/policies.google.com\/privacy<\/a><\/p>\n<\/li>\n<\/ul>\n<p><a href=\"https:\/\/www.xn--generator-datenschutzerklrung-pqc.de\/\" target=\"_blank\" rel=\"noopener\">Muster-Datenschutzerkl\u00e4rung<\/a>\u00a0der\u00a0<a href=\"https:\/\/www.xn--bewertung-lschen24-n3b.de\/\" target=\"_blank\" rel=\"nofollow noopener\">Anwaltskanzlei Wei\u00df &amp; Partner<\/a><\/p>\n<\/div><\/div><\/div><\/div><div class = \"tatsu-column-bg-image-wrap\"><div class = \"tatsu-column-bg-image\" ><\/div><\/div><\/div><style>.tatsu-row > .tatsu-BkIo1Kd34.tatsu-column{width: 100%;}.tatsu-BkIo1Kd34.tatsu-column > .tatsu-column-inner > .tatsu-column-overlay{mix-blend-mode: none;}.tatsu-BkIo1Kd34 > .tatsu-column-inner > .tatsu-top-divider{z-index: 9999;}.tatsu-BkIo1Kd34 > .tatsu-column-inner > .tatsu-bottom-divider{z-index: 9999;}.tatsu-BkIo1Kd34 > .tatsu-column-inner > .tatsu-left-divider{z-index: 9999;}.tatsu-BkIo1Kd34 > .tatsu-column-inner > .tatsu-right-divider{z-index: 9999;}@media only screen and (max-width:1377px) {.tatsu-row > .tatsu-BkIo1Kd34.tatsu-column{width: 100%;}}@media only screen and (min-width:768px) and (max-width: 100px) {.tatsu-row > .tatsu-BkIo1Kd34.tatsu-column{width: 100%;}}@media only screen and (max-width: 767px) {.tatsu-row > .tatsu-BkIo1Kd34.tatsu-column{width: 100%;}}<\/style><\/div><\/div><\/div><\/div><div class=\"tatsu-section-background-wrap\"><div class = \"tatsu-section-background\" ><\/div><\/div><style>.tatsu-Bk-8o1t_2V .tatsu-section-pad{padding: 90px 0px 90px 0px;}.tatsu-Bk-8o1t_2V > .tatsu-bottom-divider{z-index: 9999;}.tatsu-Bk-8o1t_2V > .tatsu-top-divider{z-index: 9999;}<\/style><\/div>\n","protected":false},"excerpt":{"rendered":"<p><a href=\"https:\/\/www.buero68.de\/index.php\/datenschutz\/\" class=\"more-link style2-button\">Weiterlesen<\/a><\/p>","protected":false},"author":1,"featured_media":0,"parent":0,"menu_order":0,"comment_status":"closed","ping_status":"closed","template":"","meta":{"footnotes":""},"class_list":["post-3978","page","type-page","status-publish","hentry"],"_links":{"self":[{"href":"https:\/\/www.buero68.de\/index.php\/wp-json\/wp\/v2\/pages\/3978","targetHints":{"allow":["GET"]}}],"collection":[{"href":"https:\/\/www.buero68.de\/index.php\/wp-json\/wp\/v2\/pages"}],"about":[{"href":"https:\/\/www.buero68.de\/index.php\/wp-json\/wp\/v2\/types\/page"}],"author":[{"embeddable":true,"href":"https:\/\/www.buero68.de\/index.php\/wp-json\/wp\/v2\/users\/1"}],"replies":[{"embeddable":true,"href":"https:\/\/www.buero68.de\/index.php\/wp-json\/wp\/v2\/comments?post=3978"}],"version-history":[{"count":8,"href":"https:\/\/www.buero68.de\/index.php\/wp-json\/wp\/v2\/pages\/3978\/revisions"}],"predecessor-version":[{"id":4242,"href":"https:\/\/www.buero68.de\/index.php\/wp-json\/wp\/v2\/pages\/3978\/revisions\/4242"}],"wp:attachment":[{"href":"https:\/\/www.buero68.de\/index.php\/wp-json\/wp\/v2\/media?parent=3978"}],"curies":[{"name":"wp","href":"https:\/\/api.w.org\/{rel}","templated":true}]}}